{"id":721,"date":"2016-11-08T15:35:30","date_gmt":"2016-11-08T13:35:30","guid":{"rendered":"http:\/\/saarensahko.fi\/muut-palvelut\/"},"modified":"2017-01-25T14:15:09","modified_gmt":"2017-01-25T12:15:09","slug":"ovriga-tjanster","status":"publish","type":"page","link":"http:\/\/saarensahko.fi\/sv\/ovriga-tjanster\/","title":{"rendered":"\u00d6vriga tj\u00e4nster"},"content":{"rendered":"<h1>\u00d6vriga tj\u00e4nster<\/h1>\n<h2>ELPLANERING<\/h2>\n<p>Sm\u00e5skalig elplanering, t.ex \u00e4ndringar, tillbyggnader, sommarbost\u00e4der och egnahemshus.<\/p>\n<h2>DRIFTLEDARSKAP<\/h2>\n<p>Driftledarskap f\u00f6r elanl\u00e4ggningar med A-r\u00e4ttigheter,<\/p>\n<h2>KONSULTARBETEN<\/h2>\n<p>Till konsultarbeten h\u00f6r b.la. bed\u00f6mning av risker h\u00f6rande till produktion samt arbetsmilj\u00f6n, \u00f6vervakning av olika elarbeten, handledning f\u00f6r elarbetsledare och driftsledare i deras lagstadgade uppgifter, samt givande av utl\u00e5tanden av elinstallationer. Fr\u00e5ga ocks\u00e5 efter genomg\u00e5ng av elanl\u00e4ggningar f\u00f6re k\u00f6p av fastighet.<\/p>\n","protected":false},"excerpt":{"rendered":"\u00d6vriga tj\u00e4nster ELPLANERING Sm\u00e5skalig elplanering, t.ex \u00e4ndringar, tillbyggnader, sommarbost\u00e4der och egnahemshus. DRIFTLEDARSKAP Driftledarskap f\u00f6r elanl\u00e4ggningar med A-r\u00e4ttigheter, KONSULTARBETEN Till konsultarbeten h\u00f6r b.la. bed\u00f6mning av risker h\u00f6rande till produktion samt arbetsmilj\u00f6n, \u00f6vervakning av olika elarbeten, handledning f\u00f6r elarbetsledare och driftsledare i deras lagstadgade uppgifter, samt givande av utl\u00e5tanden av elinstallationer. Fr\u00e5ga ocks\u00e5 efter genomg\u00e5ng av elanl\u00e4ggningar [&hellip;]","protected":false},"author":1,"featured_media":0,"parent":0,"menu_order":0,"comment_status":"closed","ping_status":"closed","template":"","meta":{"_acf_changed":false,"footnotes":""},"class_list":["post-721","page","type-page","status-publish","hentry"],"acf":[],"_links":{"self":[{"href":"http:\/\/saarensahko.fi\/sv\/wp-json\/wp\/v2\/pages\/721","targetHints":{"allow":["GET"]}}],"collection":[{"href":"http:\/\/saarensahko.fi\/sv\/wp-json\/wp\/v2\/pages"}],"about":[{"href":"http:\/\/saarensahko.fi\/sv\/wp-json\/wp\/v2\/types\/page"}],"author":[{"embeddable":true,"href":"http:\/\/saarensahko.fi\/sv\/wp-json\/wp\/v2\/users\/1"}],"replies":[{"embeddable":true,"href":"http:\/\/saarensahko.fi\/sv\/wp-json\/wp\/v2\/comments?post=721"}],"version-history":[{"count":0,"href":"http:\/\/saarensahko.fi\/sv\/wp-json\/wp\/v2\/pages\/721\/revisions"}],"wp:attachment":[{"href":"http:\/\/saarensahko.fi\/sv\/wp-json\/wp\/v2\/media?parent=721"}],"curies":[{"name":"wp","href":"https:\/\/api.w.org\/{rel}","templated":true}]}}