{"id":722,"date":"2015-06-02T14:28:40","date_gmt":"2015-06-02T11:28:40","guid":{"rendered":"http:\/\/saarensahko.fi\/yhteystiedot\/"},"modified":"2017-01-25T14:47:04","modified_gmt":"2017-01-25T12:47:04","slug":"kontaktuppgifter","status":"publish","type":"page","link":"http:\/\/saarensahko.fi\/sv\/kontaktuppgifter\/","title":{"rendered":"Kontaktuppgifter"},"content":{"rendered":"<h1>Kontaktuppgifter<\/h1>\n<h2>Oy Saaren S\u00e4hk\u00f6 Ab<\/h2>\n<p>Finnholmsv\u00e4gen 94, 25640 F\u00d6RBY<\/p>\n<p><strong>Kaj Westberg<\/strong><br \/>\n+358 (0)400\u00a0477\u00a0897<br \/>\nkaj.westberg@outlook.com<\/p>\n<p>Entrepren\u00f6rklass A<\/p>\n<p><strong>Verksamhetsomr\u00e5de<\/strong>: Sydv\u00e4stra-Finland och v\u00e4stra Nylands omr\u00e5den, \u00f6vriga enligt offert.<\/p>\n<p><strong>FO-nummer<\/strong>: 2754807-6<\/p>\n<h2>Adress<\/h2>\n<p><iframe loading=\"lazy\" src=\"https:\/\/www.google.com\/maps\/embed?pb=!1m18!1m12!1m3!1d1993.415917069502!2d22.85862931636924!3d60.0247579819076!2m3!1f0!2f0!3f0!3m2!1i1024!2i768!4f13.1!3m3!1m2!1s0x0%3A0x0!2zNjDCsDAxJzI5LjEiTiAyMsKwNTEnMzguOSJF!5e0!3m2!1sfi!2sfi!4v1485348367081\" width=\"600\" height=\"450\" frameborder=\"0\" style=\"border:0\" allowfullscreen><\/iframe><\/p>\n","protected":false},"excerpt":{"rendered":"Kontaktuppgifter Oy Saaren S\u00e4hk\u00f6 Ab Finnholmsv\u00e4gen 94, 25640 F\u00d6RBY Kaj Westberg +358 (0)400\u00a0477\u00a0897 kaj.westberg@outlook.com Entrepren\u00f6rklass A Verksamhetsomr\u00e5de: Sydv\u00e4stra-Finland och v\u00e4stra Nylands omr\u00e5den, \u00f6vriga enligt offert. FO-nummer: 2754807-6 Adress","protected":false},"author":1,"featured_media":0,"parent":0,"menu_order":0,"comment_status":"closed","ping_status":"closed","template":"","meta":{"_acf_changed":false,"footnotes":""},"class_list":["post-722","page","type-page","status-publish","hentry"],"acf":[],"_links":{"self":[{"href":"http:\/\/saarensahko.fi\/sv\/wp-json\/wp\/v2\/pages\/722","targetHints":{"allow":["GET"]}}],"collection":[{"href":"http:\/\/saarensahko.fi\/sv\/wp-json\/wp\/v2\/pages"}],"about":[{"href":"http:\/\/saarensahko.fi\/sv\/wp-json\/wp\/v2\/types\/page"}],"author":[{"embeddable":true,"href":"http:\/\/saarensahko.fi\/sv\/wp-json\/wp\/v2\/users\/1"}],"replies":[{"embeddable":true,"href":"http:\/\/saarensahko.fi\/sv\/wp-json\/wp\/v2\/comments?post=722"}],"version-history":[{"count":0,"href":"http:\/\/saarensahko.fi\/sv\/wp-json\/wp\/v2\/pages\/722\/revisions"}],"wp:attachment":[{"href":"http:\/\/saarensahko.fi\/sv\/wp-json\/wp\/v2\/media?parent=722"}],"curies":[{"name":"wp","href":"https:\/\/api.w.org\/{rel}","templated":true}]}}