{"id":723,"date":"2016-11-08T15:34:34","date_gmt":"2016-11-08T13:34:34","guid":{"rendered":"http:\/\/saarensahko.fi\/varmennus-ja-maaraaikaistarkastus\/"},"modified":"2017-01-25T14:14:55","modified_gmt":"2017-01-25T12:14:55","slug":"certifieringsgranskningar-och-periodbesiktningar","status":"publish","type":"page","link":"http:\/\/saarensahko.fi\/sv\/certifieringsgranskningar-och-periodbesiktningar\/","title":{"rendered":"Certifieringsgranskningar och periodbesiktningar"},"content":{"rendered":"<h1>Certifieringsgranskningar och periodbesiktningar<\/h1>\n<p>Bolaget erbjuder lagstadgade certifieringsgranskningar och periodbesiktningar. Certifieringsgranskningar och periodbesiktningar \u00e4r antecknade i f\u00f6rordningarna \u00e5t elentrepren\u00f6rer samt \u00e4garen av elanl\u00e4ggningen. F\u00f6rordningarna baserar sig p\u00e5 els\u00e4kerhetslagen.<\/p>\n<p>Certifieringsgranskning b\u00f6r utf\u00f6ras f\u00f6r alla elanl\u00e4ggningar med st\u00f6rre huvuds\u00e4kringar \u00e4n 35 A. Periodbesiktning av elanl\u00e4ggning skall utf\u00f6ras vart 5. eller 10. \u00e5r beroende p\u00e5 klassifieringen av elanl\u00e4ggningens typ. Tidsperioden f\u00f6r granskningen f\u00f6r elverk \u00e4r 5 \u00e5r (klass 3c) s\u00e5som tidigare och f\u00f6r alla andra som innefattas av periodbesiktning 10 \u00e5r (klasserna 1b, 2c och 2d).<\/p>\n<p>Som verkst\u00e4llande direkt\u00f6r fungerar Kaj Westberg som av TUKES har getts befogenhet att utf\u00f6ra elgranskningar. Medlemskapet i S\u00e4hk\u00f6tarkastusyhdistys, S\u00c4TY, s\u00e4kerst\u00e4ller yrkeskunskap och opartisk betj\u00e4ning.<\/p>\n<p>Bolagets huvudomr\u00e5den \u00e4r elgranskningar och driftledarskap samt i mindre skala elplanering och elinstallationer.<\/p>\n<h2>V\u00e5ra tj\u00e4nster innefattar elanl\u00e4ggningars<\/h2>\n<ul>\n<li><strong>periodbesiktningar, alla elanl\u00e4ggningar<\/strong><\/li>\n<li><strong>certifieringsgranskningar, alla elanl\u00e4ggningar<\/strong><\/li>\n<li><strong>driftledarskap av elanl\u00e4ggning, A-r\u00e4ttigheter<\/strong><\/li>\n<li><strong>granskning och v\u00e4rdering av elanl\u00e4ggningens skick<\/strong><\/li>\n<li><strong>konsulttj\u00e4nster<\/strong><\/li>\n<li><strong>\u00f6vervakning<\/strong><\/li>\n<\/ul>\n<p>V\u00e5r specialist har m\u00e5ng\u00e5rig erfarenhet inom b.la. elverk, industri och fastigheters elinstallationer och elanl\u00e4ggningar samt myndighetsgranskningar av elanl\u00e4ggningar.<\/p>\n","protected":false},"excerpt":{"rendered":"Certifieringsgranskningar och periodbesiktningar Bolaget erbjuder lagstadgade certifieringsgranskningar och periodbesiktningar. Certifieringsgranskningar och periodbesiktningar \u00e4r antecknade i f\u00f6rordningarna \u00e5t elentrepren\u00f6rer samt \u00e4garen av elanl\u00e4ggningen. F\u00f6rordningarna baserar sig p\u00e5 els\u00e4kerhetslagen. Certifieringsgranskning b\u00f6r utf\u00f6ras f\u00f6r alla elanl\u00e4ggningar med st\u00f6rre huvuds\u00e4kringar \u00e4n 35 A. Periodbesiktning av elanl\u00e4ggning skall utf\u00f6ras vart 5. eller 10. \u00e5r beroende p\u00e5 klassifieringen av elanl\u00e4ggningens typ. [&hellip;]","protected":false},"author":1,"featured_media":0,"parent":0,"menu_order":0,"comment_status":"closed","ping_status":"closed","template":"","meta":{"_acf_changed":false,"footnotes":""},"class_list":["post-723","page","type-page","status-publish","hentry"],"acf":[],"_links":{"self":[{"href":"http:\/\/saarensahko.fi\/sv\/wp-json\/wp\/v2\/pages\/723","targetHints":{"allow":["GET"]}}],"collection":[{"href":"http:\/\/saarensahko.fi\/sv\/wp-json\/wp\/v2\/pages"}],"about":[{"href":"http:\/\/saarensahko.fi\/sv\/wp-json\/wp\/v2\/types\/page"}],"author":[{"embeddable":true,"href":"http:\/\/saarensahko.fi\/sv\/wp-json\/wp\/v2\/users\/1"}],"replies":[{"embeddable":true,"href":"http:\/\/saarensahko.fi\/sv\/wp-json\/wp\/v2\/comments?post=723"}],"version-history":[{"count":0,"href":"http:\/\/saarensahko.fi\/sv\/wp-json\/wp\/v2\/pages\/723\/revisions"}],"wp:attachment":[{"href":"http:\/\/saarensahko.fi\/sv\/wp-json\/wp\/v2\/media?parent=723"}],"curies":[{"name":"wp","href":"https:\/\/api.w.org\/{rel}","templated":true}]}}